{"id":103,"date":"2026-01-18T17:27:50","date_gmt":"2026-01-18T17:27:50","guid":{"rendered":"https:\/\/observatoireduvaldesos.fr\/?page_id=103"},"modified":"2026-04-15T18:59:14","modified_gmt":"2026-04-15T18:59:14","slug":"nos-instruments","status":"publish","type":"page","link":"https:\/\/observatoireduvaldesos.fr\/index.php\/nos-instruments\/","title":{"rendered":"Instruments"},"content":{"rendered":"\n<p class=\"has-text-align-center\"><mark style=\"background-color:rgba(0, 0, 0, 0)\" class=\"has-inline-color has-luminous-vivid-orange-color\"><em><strong>INSTRUMENTS DISPONIBLES \u00c0 L&rsquo;OBSERVATOIRE<\/strong><\/em><\/mark><\/p>\n\n\n\n<p><em><mark style=\"background-color:rgba(0, 0, 0, 0)\" class=\"has-inline-color has-black-color\">* fabrication personnelle<\/mark><\/em><\/p>\n\n\n\n<h2 class=\"wp-block-heading\"><mark style=\"background-color:rgba(0, 0, 0, 0)\" class=\"has-inline-color has-luminous-vivid-orange-color\"><strong>Observation nocturne :<\/strong><\/mark><\/h2>\n\n\n\n<ul class=\"wp-block-list\">\n<li><strong>T\u00e9lescope<\/strong> <mark style=\"background-color:rgba(0, 0, 0, 0)\" class=\"has-inline-color has-black-color\"><strong>Dobson 762mm F\/3.7 (en pr\u00e9vision<\/strong>)<\/mark> : il sera un des plus grands t\u00e9lescopes de la r\u00e9gion Occitanie destin\u00e9s au public. Sur le plan \u00e9ducatif, ce t\u00e9lescope constituera un outil p\u00e9dagogique exceptionnel qui permettra de d\u00e9velopper des partenariats avec les \u00e9tablissements scolaires, les universit\u00e9s et les associations scientifiques. Un \u00e9quipement unique de cette ampleur renforcera l\u2019attractivit\u00e9 touristique de la r\u00e9gion Occitanie, en particulier pour l\u2019astro-tourisme, secteur en plein essor et contribuera \u00e0 valoriser les territoires ruraux, souvent privil\u00e9gi\u00e9s pour la qualit\u00e9 de leur ciel nocturne, tout en soutenant l\u2019\u00e9conomie locale par la cr\u00e9ation et le d\u00e9veloppement d\u2019activit\u00e9s connexes.<\/li>\n\n\n\n<li><strong>T\u00e9lescope<\/strong> <mark style=\"background-color:rgba(0, 0, 0, 0)\" class=\"has-inline-color has-black-color\"><strong>Newton 510 mm &nbsp;F\/4 <\/strong><\/mark>*<\/li>\n\n\n\n<li><strong>T\u00e9lescope<\/strong> <mark style=\"background-color:rgba(0, 0, 0, 0)\" class=\"has-inline-color has-black-color\"><strong>Dobson 450 mm &nbsp;F\/4<\/strong> <\/mark>*<\/li>\n\n\n\n<li><strong>T\u00e9lescope<\/strong> <mark style=\"background-color:rgba(0, 0, 0, 0)\" class=\"has-inline-color has-black-color\"><strong>Dobson 400 mm &nbsp;F\/4<\/strong>.<strong>5<\/strong><\/mark><\/li>\n\n\n\n<li><strong>T\u00e9lescope<\/strong> <strong><mark style=\"background-color:rgba(0, 0, 0, 0)\" class=\"has-inline-color has-black-color\">Newton 360 mm &nbsp;F\/3.7 <\/mark><\/strong>*<\/li>\n\n\n\n<li><strong>T\u00e9lescope<\/strong> <strong><mark style=\"background-color:rgba(0, 0, 0, 0)\" class=\"has-inline-color has-black-color\">Newton 310 mm&nbsp; F\/6 <\/mark><\/strong>*<\/li>\n\n\n\n<li><strong>T\u00e9lescope<\/strong> <strong><mark style=\"background-color:rgba(0, 0, 0, 0)\" class=\"has-inline-color has-black-color\">Newton 275 mm&nbsp; F\/3.3 <\/mark><\/strong>*<\/li>\n\n\n\n<li><strong>T\u00e9lescope<\/strong> <strong><mark style=\"background-color:rgba(0, 0, 0, 0)\" class=\"has-inline-color has-black-color\">Newton 205 mm &nbsp;F\/4 <\/mark><\/strong>*<\/li>\n\n\n\n<li><strong>2<\/strong> <strong>T\u00e9lescope<\/strong> <mark style=\"background-color:rgba(0, 0, 0, 0)\" class=\"has-inline-color has-black-color\"><strong>Schmidt-Cassegrain 203mm F\/10<\/strong><\/mark> <strong><mark style=\"background-color:rgba(0, 0, 0, 0)\" class=\"has-inline-color has-black-color\">azimutal et \u00e9quatorial<\/mark><\/strong><\/li>\n\n\n\n<li><strong><mark style=\"background-color:rgba(0, 0, 0, 0)\" class=\"has-inline-color has-black-color\">Lunette triplet 150 mm F\/7 apochromatique<\/mark><\/strong><\/li>\n<\/ul>\n\n\n\n<h2 class=\"wp-block-heading\"><strong><mark style=\"background-color:rgba(0, 0, 0, 0)\" class=\"has-inline-color has-luminous-vivid-orange-color\">Observation solaire :<\/mark><\/strong>   <\/h2>\n\n\n\n<ul class=\"wp-block-list\">\n<li><strong>Lunette <mark style=\"background-color:rgba(0, 0, 0, 0)\" class=\"has-inline-color has-black-color\">228 mm (H-alpha<\/mark><\/strong> <strong>656.3nm<strong>-rouge)<\/strong> <strong><mark style=\"background-color:rgba(0, 0, 0, 0)\" class=\"has-inline-color has-black-color\">F\/9<\/mark><\/strong><\/strong><\/li>\n\n\n\n<li><strong><mark style=\"background-color:rgba(0, 0, 0, 0)\" class=\"has-inline-color has-black-color\"><strong>Lunette <mark style=\"background-color:rgba(0, 0, 0, 0)\" class=\"has-inline-color has-black-color\"><\/mark><\/strong>204 mm (continuum 540nm-vert) F\/8.8 <\/mark><\/strong>*<\/li>\n\n\n\n<li><strong><mark style=\"background-color:rgba(0, 0, 0, 0)\" class=\"has-inline-color has-black-color\">T\u00e9lescope Newton 210 mm \u00e0 miroir d\u00e9salumin\u00e9&nbsp; F\/6 <\/mark><\/strong>*<\/li>\n\n\n\n<li><strong><mark style=\"background-color:rgba(0, 0, 0, 0)\" class=\"has-inline-color has-black-color\">T\u00e9lescope Maksutov-Cassegrain 150mm F\/12<\/mark><\/strong><\/li>\n\n\n\n<li><strong>Lunette triplet <mark style=\"background-color:rgba(0, 0, 0, 0)\" class=\"has-inline-color has-black-color\">80 mm F\/7 apochromatique<\/mark><\/strong><\/li>\n\n\n\n<li><strong><mark style=\"background-color:rgba(0, 0, 0, 0)\" class=\"has-inline-color has-black-color\">Coronographe 95 mm F\/15 <\/mark><\/strong>*<\/li>\n\n\n\n<li><strong><mark style=\"background-color:rgba(0, 0, 0, 0)\" class=\"has-inline-color has-black-color\">Coronographe 150 mm F\/15&nbsp;<\/mark><\/strong>*<\/li>\n<\/ul>\n\n\n\n<figure class=\"wp-block-image size-large is-resized\"><img loading=\"lazy\" decoding=\"async\" width=\"1024\" height=\"464\" src=\"https:\/\/observatoireduvaldesos.fr\/wp-content\/uploads\/2026\/01\/instruments-1024x464.jpg\" alt=\"\" class=\"wp-image-354\" style=\"width:1100px;height:auto\" srcset=\"https:\/\/observatoireduvaldesos.fr\/wp-content\/uploads\/2026\/01\/instruments-1024x464.jpg 1024w, https:\/\/observatoireduvaldesos.fr\/wp-content\/uploads\/2026\/01\/instruments-300x136.jpg 300w, https:\/\/observatoireduvaldesos.fr\/wp-content\/uploads\/2026\/01\/instruments-768x348.jpg 768w, https:\/\/observatoireduvaldesos.fr\/wp-content\/uploads\/2026\/01\/instruments-1536x695.jpg 1536w, https:\/\/observatoireduvaldesos.fr\/wp-content\/uploads\/2026\/01\/instruments.jpg 1800w\" sizes=\"auto, (max-width: 1024px) 100vw, 1024px\" \/><\/figure>\n\n\n\n<div class=\"wp-block-group is-layout-constrained wp-block-group-is-layout-constrained\"><\/div>\n","protected":false},"excerpt":{"rendered":"<p>INSTRUMENTS DISPONIBLES \u00c0 L&rsquo;OBSERVATOIRE * fabrication personnelle Observation nocturne : Observation solaire :<\/p>\n","protected":false},"author":1,"featured_media":0,"parent":0,"menu_order":0,"comment_status":"closed","ping_status":"closed","template":"","meta":{"footnotes":""},"class_list":["post-103","page","type-page","status-publish","hentry"],"yoast_head":"<!-- This site is optimized with the Yoast SEO plugin v27.0 - https:\/\/yoast.com\/product\/yoast-seo-wordpress\/ -->\n<title>Instruments - OAVS<\/title>\n<meta name=\"description\" content=\"D\u00e9couvrez les instruments t\u00e9lescopes pour l&#039;observation et l&#039;imagerie du ciel profond avec des options vari\u00e9es.\" \/>\n<meta name=\"robots\" content=\"index, follow, max-snippet:-1, max-image-preview:large, max-video-preview:-1\" \/>\n<link rel=\"canonical\" href=\"https:\/\/observatoireduvaldesos.fr\/index.php\/nos-instruments\/\" \/>\n<meta property=\"og:locale\" content=\"fr_FR\" \/>\n<meta property=\"og:type\" content=\"article\" \/>\n<meta property=\"og:title\" content=\"Instruments - OAVS\" \/>\n<meta property=\"og:description\" content=\"D\u00e9couvrez les instruments t\u00e9lescopes pour l&#039;observation et l&#039;imagerie du ciel profond avec des options vari\u00e9es.\" \/>\n<meta property=\"og:url\" content=\"https:\/\/observatoireduvaldesos.fr\/index.php\/nos-instruments\/\" \/>\n<meta property=\"og:site_name\" content=\"OAVS\" \/>\n<meta property=\"article:modified_time\" content=\"2026-04-15T18:59:14+00:00\" \/>\n<meta property=\"og:image\" content=\"https:\/\/observatoireduvaldesos.fr\/wp-content\/uploads\/2026\/01\/instruments.jpg\" \/>\n\t<meta property=\"og:image:width\" content=\"1800\" \/>\n\t<meta property=\"og:image:height\" content=\"815\" \/>\n\t<meta property=\"og:image:type\" content=\"image\/jpeg\" \/>\n<meta name=\"twitter:card\" content=\"summary_large_image\" \/>\n<meta name=\"twitter:label1\" content=\"Dur\u00e9e de lecture estim\u00e9e\" \/>\n\t<meta name=\"twitter:data1\" content=\"2 minutes\" \/>\n<script type=\"application\/ld+json\" class=\"yoast-schema-graph\">{\"@context\":\"https:\/\/schema.org\",\"@graph\":[{\"@type\":\"WebPage\",\"@id\":\"https:\/\/observatoireduvaldesos.fr\/index.php\/nos-instruments\/\",\"url\":\"https:\/\/observatoireduvaldesos.fr\/index.php\/nos-instruments\/\",\"name\":\"Instruments - OAVS\",\"isPartOf\":{\"@id\":\"https:\/\/observatoireduvaldesos.fr\/#website\"},\"primaryImageOfPage\":{\"@id\":\"https:\/\/observatoireduvaldesos.fr\/index.php\/nos-instruments\/#primaryimage\"},\"image\":{\"@id\":\"https:\/\/observatoireduvaldesos.fr\/index.php\/nos-instruments\/#primaryimage\"},\"thumbnailUrl\":\"https:\/\/observatoireduvaldesos.fr\/wp-content\/uploads\/2026\/01\/instruments-1024x464.jpg\",\"datePublished\":\"2026-01-18T17:27:50+00:00\",\"dateModified\":\"2026-04-15T18:59:14+00:00\",\"description\":\"D\u00e9couvrez les instruments t\u00e9lescopes pour l'observation et l'imagerie du ciel profond avec des options vari\u00e9es.\",\"breadcrumb\":{\"@id\":\"https:\/\/observatoireduvaldesos.fr\/index.php\/nos-instruments\/#breadcrumb\"},\"inLanguage\":\"fr-FR\",\"potentialAction\":[{\"@type\":\"ReadAction\",\"target\":[\"https:\/\/observatoireduvaldesos.fr\/index.php\/nos-instruments\/\"]}]},{\"@type\":\"ImageObject\",\"inLanguage\":\"fr-FR\",\"@id\":\"https:\/\/observatoireduvaldesos.fr\/index.php\/nos-instruments\/#primaryimage\",\"url\":\"https:\/\/observatoireduvaldesos.fr\/wp-content\/uploads\/2026\/01\/instruments.jpg\",\"contentUrl\":\"https:\/\/observatoireduvaldesos.fr\/wp-content\/uploads\/2026\/01\/instruments.jpg\",\"width\":1800,\"height\":815},{\"@type\":\"BreadcrumbList\",\"@id\":\"https:\/\/observatoireduvaldesos.fr\/index.php\/nos-instruments\/#breadcrumb\",\"itemListElement\":[{\"@type\":\"ListItem\",\"position\":1,\"name\":\"Accueil\",\"item\":\"https:\/\/observatoireduvaldesos.fr\/\"},{\"@type\":\"ListItem\",\"position\":2,\"name\":\"Instruments\"}]},{\"@type\":\"WebSite\",\"@id\":\"https:\/\/observatoireduvaldesos.fr\/#website\",\"url\":\"https:\/\/observatoireduvaldesos.fr\/\",\"name\":\"Observatoire Astronomique du Val-de-Sos\",\"description\":\"Observatoire Astronomique du Val-de-Sos\",\"publisher\":{\"@id\":\"https:\/\/observatoireduvaldesos.fr\/#\/schema\/person\/b31f59a9366e5780dd9f14282d8d240b\"},\"alternateName\":\"Oavs\",\"potentialAction\":[{\"@type\":\"SearchAction\",\"target\":{\"@type\":\"EntryPoint\",\"urlTemplate\":\"https:\/\/observatoireduvaldesos.fr\/?s={search_term_string}\"},\"query-input\":{\"@type\":\"PropertyValueSpecification\",\"valueRequired\":true,\"valueName\":\"search_term_string\"}}],\"inLanguage\":\"fr-FR\"},{\"@type\":[\"Person\",\"Organization\"],\"@id\":\"https:\/\/observatoireduvaldesos.fr\/#\/schema\/person\/b31f59a9366e5780dd9f14282d8d240b\",\"name\":\"admin8189\",\"image\":{\"@type\":\"ImageObject\",\"inLanguage\":\"fr-FR\",\"@id\":\"https:\/\/observatoireduvaldesos.fr\/#\/schema\/person\/image\/\",\"url\":\"https:\/\/observatoireduvaldesos.fr\/wp-content\/uploads\/2026\/01\/cropped-Nouveau-LOGO-scaled-1.jpg\",\"contentUrl\":\"https:\/\/observatoireduvaldesos.fr\/wp-content\/uploads\/2026\/01\/cropped-Nouveau-LOGO-scaled-1.jpg\",\"width\":512,\"height\":512,\"caption\":\"admin8189\"},\"logo\":{\"@id\":\"https:\/\/observatoireduvaldesos.fr\/#\/schema\/person\/image\/\"},\"sameAs\":[\"http:\/\/observatoireduvaldesos.fr\"]}]}<\/script>\n<!-- \/ Yoast SEO plugin. -->","yoast_head_json":{"title":"Instruments - OAVS","description":"D\u00e9couvrez les instruments t\u00e9lescopes pour l'observation et l'imagerie du ciel profond avec des options vari\u00e9es.","robots":{"index":"index","follow":"follow","max-snippet":"max-snippet:-1","max-image-preview":"max-image-preview:large","max-video-preview":"max-video-preview:-1"},"canonical":"https:\/\/observatoireduvaldesos.fr\/index.php\/nos-instruments\/","og_locale":"fr_FR","og_type":"article","og_title":"Instruments - OAVS","og_description":"D\u00e9couvrez les instruments t\u00e9lescopes pour l'observation et l'imagerie du ciel profond avec des options vari\u00e9es.","og_url":"https:\/\/observatoireduvaldesos.fr\/index.php\/nos-instruments\/","og_site_name":"OAVS","article_modified_time":"2026-04-15T18:59:14+00:00","og_image":[{"width":1800,"height":815,"url":"https:\/\/observatoireduvaldesos.fr\/wp-content\/uploads\/2026\/01\/instruments.jpg","type":"image\/jpeg"}],"twitter_card":"summary_large_image","twitter_misc":{"Dur\u00e9e de lecture estim\u00e9e":"2 minutes"},"schema":{"@context":"https:\/\/schema.org","@graph":[{"@type":"WebPage","@id":"https:\/\/observatoireduvaldesos.fr\/index.php\/nos-instruments\/","url":"https:\/\/observatoireduvaldesos.fr\/index.php\/nos-instruments\/","name":"Instruments - OAVS","isPartOf":{"@id":"https:\/\/observatoireduvaldesos.fr\/#website"},"primaryImageOfPage":{"@id":"https:\/\/observatoireduvaldesos.fr\/index.php\/nos-instruments\/#primaryimage"},"image":{"@id":"https:\/\/observatoireduvaldesos.fr\/index.php\/nos-instruments\/#primaryimage"},"thumbnailUrl":"https:\/\/observatoireduvaldesos.fr\/wp-content\/uploads\/2026\/01\/instruments-1024x464.jpg","datePublished":"2026-01-18T17:27:50+00:00","dateModified":"2026-04-15T18:59:14+00:00","description":"D\u00e9couvrez les instruments t\u00e9lescopes pour l'observation et l'imagerie du ciel profond avec des options vari\u00e9es.","breadcrumb":{"@id":"https:\/\/observatoireduvaldesos.fr\/index.php\/nos-instruments\/#breadcrumb"},"inLanguage":"fr-FR","potentialAction":[{"@type":"ReadAction","target":["https:\/\/observatoireduvaldesos.fr\/index.php\/nos-instruments\/"]}]},{"@type":"ImageObject","inLanguage":"fr-FR","@id":"https:\/\/observatoireduvaldesos.fr\/index.php\/nos-instruments\/#primaryimage","url":"https:\/\/observatoireduvaldesos.fr\/wp-content\/uploads\/2026\/01\/instruments.jpg","contentUrl":"https:\/\/observatoireduvaldesos.fr\/wp-content\/uploads\/2026\/01\/instruments.jpg","width":1800,"height":815},{"@type":"BreadcrumbList","@id":"https:\/\/observatoireduvaldesos.fr\/index.php\/nos-instruments\/#breadcrumb","itemListElement":[{"@type":"ListItem","position":1,"name":"Accueil","item":"https:\/\/observatoireduvaldesos.fr\/"},{"@type":"ListItem","position":2,"name":"Instruments"}]},{"@type":"WebSite","@id":"https:\/\/observatoireduvaldesos.fr\/#website","url":"https:\/\/observatoireduvaldesos.fr\/","name":"Observatoire Astronomique du Val-de-Sos","description":"Observatoire Astronomique du Val-de-Sos","publisher":{"@id":"https:\/\/observatoireduvaldesos.fr\/#\/schema\/person\/b31f59a9366e5780dd9f14282d8d240b"},"alternateName":"Oavs","potentialAction":[{"@type":"SearchAction","target":{"@type":"EntryPoint","urlTemplate":"https:\/\/observatoireduvaldesos.fr\/?s={search_term_string}"},"query-input":{"@type":"PropertyValueSpecification","valueRequired":true,"valueName":"search_term_string"}}],"inLanguage":"fr-FR"},{"@type":["Person","Organization"],"@id":"https:\/\/observatoireduvaldesos.fr\/#\/schema\/person\/b31f59a9366e5780dd9f14282d8d240b","name":"admin8189","image":{"@type":"ImageObject","inLanguage":"fr-FR","@id":"https:\/\/observatoireduvaldesos.fr\/#\/schema\/person\/image\/","url":"https:\/\/observatoireduvaldesos.fr\/wp-content\/uploads\/2026\/01\/cropped-Nouveau-LOGO-scaled-1.jpg","contentUrl":"https:\/\/observatoireduvaldesos.fr\/wp-content\/uploads\/2026\/01\/cropped-Nouveau-LOGO-scaled-1.jpg","width":512,"height":512,"caption":"admin8189"},"logo":{"@id":"https:\/\/observatoireduvaldesos.fr\/#\/schema\/person\/image\/"},"sameAs":["http:\/\/observatoireduvaldesos.fr"]}]}},"_links":{"self":[{"href":"https:\/\/observatoireduvaldesos.fr\/index.php\/wp-json\/wp\/v2\/pages\/103","targetHints":{"allow":["GET"]}}],"collection":[{"href":"https:\/\/observatoireduvaldesos.fr\/index.php\/wp-json\/wp\/v2\/pages"}],"about":[{"href":"https:\/\/observatoireduvaldesos.fr\/index.php\/wp-json\/wp\/v2\/types\/page"}],"author":[{"embeddable":true,"href":"https:\/\/observatoireduvaldesos.fr\/index.php\/wp-json\/wp\/v2\/users\/1"}],"replies":[{"embeddable":true,"href":"https:\/\/observatoireduvaldesos.fr\/index.php\/wp-json\/wp\/v2\/comments?post=103"}],"version-history":[{"count":33,"href":"https:\/\/observatoireduvaldesos.fr\/index.php\/wp-json\/wp\/v2\/pages\/103\/revisions"}],"predecessor-version":[{"id":954,"href":"https:\/\/observatoireduvaldesos.fr\/index.php\/wp-json\/wp\/v2\/pages\/103\/revisions\/954"}],"wp:attachment":[{"href":"https:\/\/observatoireduvaldesos.fr\/index.php\/wp-json\/wp\/v2\/media?parent=103"}],"curies":[{"name":"wp","href":"https:\/\/api.w.org\/{rel}","templated":true}]}}