{"id":795,"date":"2026-01-30T17:35:44","date_gmt":"2026-01-30T17:35:44","guid":{"rendered":"https:\/\/observatoireduvaldesos.fr\/?page_id=795"},"modified":"2026-02-07T20:04:01","modified_gmt":"2026-02-07T20:04:01","slug":"actualites","status":"publish","type":"page","link":"https:\/\/observatoireduvaldesos.fr\/index.php\/actualites\/","title":{"rendered":"Actualit\u00e9s"},"content":{"rendered":"\n<figure class=\"wp-block-image size-large\"><img loading=\"lazy\" decoding=\"async\" width=\"693\" height=\"1024\" src=\"https:\/\/observatoireduvaldesos.fr\/wp-content\/uploads\/2026\/01\/480959243_1171567671423648_7923458836877809957_n-693x1024.jpg?v=1769795470\" alt=\"\" class=\"wp-image-807\" srcset=\"https:\/\/observatoireduvaldesos.fr\/wp-content\/uploads\/2026\/01\/480959243_1171567671423648_7923458836877809957_n-693x1024.jpg?v=1769795470 693w, https:\/\/observatoireduvaldesos.fr\/wp-content\/uploads\/2026\/01\/480959243_1171567671423648_7923458836877809957_n-203x300.jpg?v=1769795470 203w, https:\/\/observatoireduvaldesos.fr\/wp-content\/uploads\/2026\/01\/480959243_1171567671423648_7923458836877809957_n-768x1135.jpg?v=1769795470 768w, https:\/\/observatoireduvaldesos.fr\/wp-content\/uploads\/2026\/01\/480959243_1171567671423648_7923458836877809957_n.jpg?v=1769795470 794w\" sizes=\"auto, (max-width: 693px) 100vw, 693px\" \/><\/figure>\n\n\n\n<p>Soir\u00e9e du 14 ao\u00fbt 2025<\/p>\n\n\n\n<figure class=\"wp-block-image size-full is-resized\"><img loading=\"lazy\" decoding=\"async\" width=\"720\" height=\"1321\" src=\"https:\/\/observatoireduvaldesos.fr\/wp-content\/uploads\/2026\/01\/1769513845278.jpg?v=1769794882\" alt=\"\" class=\"wp-image-800\" style=\"aspect-ratio:0.6699939135727329;width:594px;height:auto\" srcset=\"https:\/\/observatoireduvaldesos.fr\/wp-content\/uploads\/2026\/01\/1769513845278.jpg?v=1769794882 720w, https:\/\/observatoireduvaldesos.fr\/wp-content\/uploads\/2026\/01\/1769513845278-164x300.jpg?v=1769794882 164w, https:\/\/observatoireduvaldesos.fr\/wp-content\/uploads\/2026\/01\/1769513845278-558x1024.jpg?v=1769794882 558w\" sizes=\"auto, (max-width: 720px) 100vw, 720px\" \/><\/figure>\n\n\n\n<p>Soir\u00e9e du 21 ao\u00fbt 2025<\/p>\n\n\n\n<figure class=\"wp-block-image size-large is-resized\"><img loading=\"lazy\" decoding=\"async\" width=\"1024\" height=\"404\" src=\"https:\/\/observatoireduvaldesos.fr\/wp-content\/uploads\/2026\/01\/1769513877442-1-1024x404.jpg?v=1769795113\" alt=\"\" class=\"wp-image-802\" style=\"aspect-ratio:2.534769833496572;width:584px;height:auto\" srcset=\"https:\/\/observatoireduvaldesos.fr\/wp-content\/uploads\/2026\/01\/1769513877442-1-1024x404.jpg?v=1769795113 1024w, https:\/\/observatoireduvaldesos.fr\/wp-content\/uploads\/2026\/01\/1769513877442-1-300x118.jpg?v=1769795113 300w, https:\/\/observatoireduvaldesos.fr\/wp-content\/uploads\/2026\/01\/1769513877442-1-768x303.jpg?v=1769795113 768w, https:\/\/observatoireduvaldesos.fr\/wp-content\/uploads\/2026\/01\/1769513877442-1-1536x606.jpg?v=1769795113 1536w, https:\/\/observatoireduvaldesos.fr\/wp-content\/uploads\/2026\/01\/1769513877442-1-2048x809.jpg?v=1769795113 2048w\" sizes=\"auto, (max-width: 1024px) 100vw, 1024px\" \/><\/figure>\n\n\n\n<figure class=\"wp-block-image size-large is-resized\"><img loading=\"lazy\" decoding=\"async\" width=\"545\" height=\"1024\" src=\"https:\/\/observatoireduvaldesos.fr\/wp-content\/uploads\/2026\/01\/1767201198417-1-545x1024.jpg?v=1769795140\" alt=\"\" class=\"wp-image-804\" style=\"aspect-ratio:0.5322300372362433;width:484px;height:auto\" srcset=\"https:\/\/observatoireduvaldesos.fr\/wp-content\/uploads\/2026\/01\/1767201198417-1-545x1024.jpg?v=1769795140 545w, https:\/\/observatoireduvaldesos.fr\/wp-content\/uploads\/2026\/01\/1767201198417-1-160x300.jpg?v=1769795140 160w, https:\/\/observatoireduvaldesos.fr\/wp-content\/uploads\/2026\/01\/1767201198417-1-768x1444.jpg?v=1769795140 768w, https:\/\/observatoireduvaldesos.fr\/wp-content\/uploads\/2026\/01\/1767201198417-1-817x1536.jpg?v=1769795140 817w, https:\/\/observatoireduvaldesos.fr\/wp-content\/uploads\/2026\/01\/1767201198417-1-1089x2048.jpg?v=1769795140 1089w, https:\/\/observatoireduvaldesos.fr\/wp-content\/uploads\/2026\/01\/1767201198417-1-scaled.jpg?v=1769795140 1362w\" sizes=\"auto, (max-width: 545px) 100vw, 545px\" \/><\/figure>\n\n\n\n<p><strong>Ils nous soutiennent d\u00e9j\u00e0 :<\/strong><\/p>\n\n\n\n<figure class=\"wp-block-image size-large is-resized\"><img loading=\"lazy\" decoding=\"async\" width=\"1024\" height=\"531\" src=\"https:\/\/observatoireduvaldesos.fr\/wp-content\/uploads\/2026\/01\/soutien-1024x531.png?v=1769795809\" alt=\"\" class=\"wp-image-810\" style=\"aspect-ratio:1.9284786561607066;width:1100px;height:auto\" srcset=\"https:\/\/observatoireduvaldesos.fr\/wp-content\/uploads\/2026\/01\/soutien-1024x531.png?v=1769795809 1024w, https:\/\/observatoireduvaldesos.fr\/wp-content\/uploads\/2026\/01\/soutien-300x156.png?v=1769795809 300w, https:\/\/observatoireduvaldesos.fr\/wp-content\/uploads\/2026\/01\/soutien-768x398.png?v=1769795809 768w, https:\/\/observatoireduvaldesos.fr\/wp-content\/uploads\/2026\/01\/soutien.png?v=1769795809 1059w\" sizes=\"auto, (max-width: 1024px) 100vw, 1024px\" \/><\/figure>\n\n\n\n<p><\/p>\n\n\n\n<figure class=\"wp-block-image size-large is-resized\"><img loading=\"lazy\" decoding=\"async\" width=\"1024\" height=\"981\" src=\"https:\/\/observatoireduvaldesos.fr\/wp-content\/uploads\/2026\/02\/cieletespace2-1-1024x981.jpg?v=1770384842\" alt=\"\" class=\"wp-image-923\" style=\"width:1100px;height:auto\" srcset=\"https:\/\/observatoireduvaldesos.fr\/wp-content\/uploads\/2026\/02\/cieletespace2-1-1024x981.jpg?v=1770384842 1024w, https:\/\/observatoireduvaldesos.fr\/wp-content\/uploads\/2026\/02\/cieletespace2-1-300x288.jpg?v=1770384842 300w, https:\/\/observatoireduvaldesos.fr\/wp-content\/uploads\/2026\/02\/cieletespace2-1-768x736.jpg?v=1770384842 768w, https:\/\/observatoireduvaldesos.fr\/wp-content\/uploads\/2026\/02\/cieletespace2-1-600x575.jpg?v=1770384842 600w, https:\/\/observatoireduvaldesos.fr\/wp-content\/uploads\/2026\/02\/cieletespace2-1.jpg?v=1770384842 1274w\" sizes=\"auto, (max-width: 1024px) 100vw, 1024px\" \/><\/figure>\n\n\n\n<figure class=\"wp-block-image size-large is-resized\"><img loading=\"lazy\" decoding=\"async\" width=\"703\" height=\"1024\" src=\"https:\/\/observatoireduvaldesos.fr\/wp-content\/uploads\/2026\/02\/ladepechedumidi-703x1024.jpg?v=1770385010\" alt=\"\" class=\"wp-image-926\" style=\"width:1100px;height:auto\" srcset=\"https:\/\/observatoireduvaldesos.fr\/wp-content\/uploads\/2026\/02\/ladepechedumidi-703x1024.jpg?v=1770385010 703w, https:\/\/observatoireduvaldesos.fr\/wp-content\/uploads\/2026\/02\/ladepechedumidi-206x300.jpg?v=1770385010 206w, https:\/\/observatoireduvaldesos.fr\/wp-content\/uploads\/2026\/02\/ladepechedumidi-768x1119.jpg?v=1770385010 768w, https:\/\/observatoireduvaldesos.fr\/wp-content\/uploads\/2026\/02\/ladepechedumidi-600x874.jpg?v=1770385010 600w, https:\/\/observatoireduvaldesos.fr\/wp-content\/uploads\/2026\/02\/ladepechedumidi.jpg?v=1770385010 844w\" sizes=\"auto, (max-width: 703px) 100vw, 703px\" \/><\/figure>\n\n\n\n<figure class=\"wp-block-image size-large is-resized\"><img loading=\"lazy\" decoding=\"async\" width=\"1024\" height=\"799\" src=\"https:\/\/observatoireduvaldesos.fr\/wp-content\/uploads\/2026\/02\/cieletespace-1024x799.jpg?v=1770384433\" alt=\"\" class=\"wp-image-918\" style=\"aspect-ratio:1.2816078352842657;width:1100px;height:auto\" srcset=\"https:\/\/observatoireduvaldesos.fr\/wp-content\/uploads\/2026\/02\/cieletespace-1024x799.jpg?v=1770384433 1024w, https:\/\/observatoireduvaldesos.fr\/wp-content\/uploads\/2026\/02\/cieletespace-300x234.jpg?v=1770384433 300w, https:\/\/observatoireduvaldesos.fr\/wp-content\/uploads\/2026\/02\/cieletespace-768x599.jpg?v=1770384433 768w, https:\/\/observatoireduvaldesos.fr\/wp-content\/uploads\/2026\/02\/cieletespace-600x468.jpg?v=1770384433 600w, https:\/\/observatoireduvaldesos.fr\/wp-content\/uploads\/2026\/02\/cieletespace.jpg?v=1770384433 1259w\" sizes=\"auto, (max-width: 1024px) 100vw, 1024px\" \/><\/figure>\n\n\n\n<figure class=\"wp-block-image aligncenter size-large is-resized\"><img loading=\"lazy\" decoding=\"async\" width=\"435\" height=\"1024\" src=\"https:\/\/observatoireduvaldesos.fr\/wp-content\/uploads\/2026\/02\/nasa-1-435x1024.jpg?v=1770386966\" alt=\"\" class=\"wp-image-930\" style=\"aspect-ratio:0.4248080168049864;width:925px;height:auto\" srcset=\"https:\/\/observatoireduvaldesos.fr\/wp-content\/uploads\/2026\/02\/nasa-1-435x1024.jpg?v=1770386966 435w, https:\/\/observatoireduvaldesos.fr\/wp-content\/uploads\/2026\/02\/nasa-1-127x300.jpg?v=1770386966 127w, https:\/\/observatoireduvaldesos.fr\/wp-content\/uploads\/2026\/02\/nasa-1-768x1809.jpg?v=1770386966 768w, https:\/\/observatoireduvaldesos.fr\/wp-content\/uploads\/2026\/02\/nasa-1-652x1536.jpg?v=1770386966 652w, https:\/\/observatoireduvaldesos.fr\/wp-content\/uploads\/2026\/02\/nasa-1-600x1413.jpg?v=1770386966 600w, https:\/\/observatoireduvaldesos.fr\/wp-content\/uploads\/2026\/02\/nasa-1.jpg?v=1770386966 849w\" sizes=\"auto, (max-width: 435px) 100vw, 435px\" \/><\/figure>\n\n\n\n<figure class=\"wp-block-image size-large is-resized\"><img loading=\"lazy\" decoding=\"async\" width=\"1024\" height=\"553\" src=\"https:\/\/observatoireduvaldesos.fr\/wp-content\/uploads\/2026\/02\/nasa-2-1024x553.jpg?v=1770387532\" alt=\"\" class=\"wp-image-936\" style=\"aspect-ratio:1.852875378339255;width:1100px;height:auto\" srcset=\"https:\/\/observatoireduvaldesos.fr\/wp-content\/uploads\/2026\/02\/nasa-2-1024x553.jpg?v=1770387532 1024w, https:\/\/observatoireduvaldesos.fr\/wp-content\/uploads\/2026\/02\/nasa-2-300x162.jpg?v=1770387532 300w, https:\/\/observatoireduvaldesos.fr\/wp-content\/uploads\/2026\/02\/nasa-2-768x414.jpg?v=1770387532 768w, https:\/\/observatoireduvaldesos.fr\/wp-content\/uploads\/2026\/02\/nasa-2-1536x829.jpg?v=1770387532 1536w, https:\/\/observatoireduvaldesos.fr\/wp-content\/uploads\/2026\/02\/nasa-2-2048x1105.jpg?v=1770387532 2048w, https:\/\/observatoireduvaldesos.fr\/wp-content\/uploads\/2026\/02\/nasa-2-600x324.jpg?v=1770387532 600w\" sizes=\"auto, (max-width: 1024px) 100vw, 1024px\" \/><\/figure>\n\n\n\n<figure class=\"wp-block-image size-large is-resized\"><img loading=\"lazy\" decoding=\"async\" width=\"1024\" height=\"771\" src=\"https:\/\/observatoireduvaldesos.fr\/wp-content\/uploads\/2026\/02\/Sans-titre-1-1024x771.jpg?v=1770384451\" alt=\"\" class=\"wp-image-919\" style=\"aspect-ratio:1.32815153001547;width:1100px;height:auto\" srcset=\"https:\/\/observatoireduvaldesos.fr\/wp-content\/uploads\/2026\/02\/Sans-titre-1-1024x771.jpg?v=1770384451 1024w, https:\/\/observatoireduvaldesos.fr\/wp-content\/uploads\/2026\/02\/Sans-titre-1-300x226.jpg?v=1770384451 300w, https:\/\/observatoireduvaldesos.fr\/wp-content\/uploads\/2026\/02\/Sans-titre-1-768x578.jpg?v=1770384451 768w, https:\/\/observatoireduvaldesos.fr\/wp-content\/uploads\/2026\/02\/Sans-titre-1-600x452.jpg?v=1770384451 600w, https:\/\/observatoireduvaldesos.fr\/wp-content\/uploads\/2026\/02\/Sans-titre-1.jpg?v=1770384451 1261w\" sizes=\"auto, (max-width: 1024px) 100vw, 1024px\" \/><\/figure>\n\n\n\n<figure class=\"wp-block-image size-large is-resized\"><img loading=\"lazy\" decoding=\"async\" width=\"768\" height=\"1024\" src=\"https:\/\/observatoireduvaldesos.fr\/wp-content\/uploads\/2026\/02\/fr3-768x1024.jpg?v=1770387301\" alt=\"\" class=\"wp-image-932\" style=\"width:1100px;height:auto\" srcset=\"https:\/\/observatoireduvaldesos.fr\/wp-content\/uploads\/2026\/02\/fr3-768x1024.jpg?v=1770387301 768w, https:\/\/observatoireduvaldesos.fr\/wp-content\/uploads\/2026\/02\/fr3-225x300.jpg?v=1770387301 225w, https:\/\/observatoireduvaldesos.fr\/wp-content\/uploads\/2026\/02\/fr3-600x800.jpg?v=1770387301 600w, https:\/\/observatoireduvaldesos.fr\/wp-content\/uploads\/2026\/02\/fr3.jpg?v=1770387301 910w\" sizes=\"auto, (max-width: 768px) 100vw, 768px\" \/><\/figure>\n\n\n\n<figure class=\"wp-block-image size-large is-resized\"><img loading=\"lazy\" decoding=\"async\" width=\"995\" height=\"1024\" src=\"https:\/\/observatoireduvaldesos.fr\/wp-content\/uploads\/2026\/02\/Sans-titre-1-1-995x1024.jpg?v=1770494627\" alt=\"\" class=\"wp-image-938\" style=\"width:1100px;height:auto\" srcset=\"https:\/\/observatoireduvaldesos.fr\/wp-content\/uploads\/2026\/02\/Sans-titre-1-1-995x1024.jpg?v=1770494627 995w, https:\/\/observatoireduvaldesos.fr\/wp-content\/uploads\/2026\/02\/Sans-titre-1-1-291x300.jpg?v=1770494627 291w, https:\/\/observatoireduvaldesos.fr\/wp-content\/uploads\/2026\/02\/Sans-titre-1-1-768x791.jpg?v=1770494627 768w, https:\/\/observatoireduvaldesos.fr\/wp-content\/uploads\/2026\/02\/Sans-titre-1-1-600x618.jpg?v=1770494627 600w, https:\/\/observatoireduvaldesos.fr\/wp-content\/uploads\/2026\/02\/Sans-titre-1-1.jpg?v=1770494627 1216w\" sizes=\"auto, (max-width: 995px) 100vw, 995px\" \/><\/figure>\n","protected":false},"excerpt":{"rendered":"<p>Soir\u00e9e du 14 ao\u00fbt 2025 Soir\u00e9e du 21 ao\u00fbt 2025 Ils nous soutiennent d\u00e9j\u00e0 :<\/p>\n","protected":false},"author":1,"featured_media":0,"parent":0,"menu_order":0,"comment_status":"closed","ping_status":"closed","template":"","meta":{"footnotes":""},"class_list":["post-795","page","type-page","status-publish","hentry"],"yoast_head":"<!-- This site is optimized with the Yoast SEO plugin v27.0 - https:\/\/yoast.com\/product\/yoast-seo-wordpress\/ -->\n<title>Actualit\u00e9s - OAVS<\/title>\n<meta name=\"description\" content=\"Observatoire Astronomique du val de sos\" \/>\n<meta name=\"robots\" content=\"index, follow, max-snippet:-1, max-image-preview:large, max-video-preview:-1\" \/>\n<link rel=\"canonical\" href=\"https:\/\/observatoireduvaldesos.fr\/index.php\/actualites\/\" \/>\n<meta property=\"og:locale\" content=\"fr_FR\" \/>\n<meta property=\"og:type\" content=\"article\" \/>\n<meta property=\"og:title\" content=\"Actualit\u00e9s - OAVS\" \/>\n<meta property=\"og:description\" content=\"Observatoire Astronomique du val de sos\" \/>\n<meta property=\"og:url\" content=\"https:\/\/observatoireduvaldesos.fr\/index.php\/actualites\/\" \/>\n<meta property=\"og:site_name\" content=\"OAVS\" \/>\n<meta property=\"article:modified_time\" content=\"2026-02-07T20:04:01+00:00\" \/>\n<meta property=\"og:image\" content=\"https:\/\/observatoireduvaldesos.fr\/wp-content\/uploads\/2026\/01\/480959243_1171567671423648_7923458836877809957_n.jpg?v=1769795470\" \/>\n\t<meta property=\"og:image:width\" content=\"794\" \/>\n\t<meta property=\"og:image:height\" content=\"1173\" \/>\n\t<meta property=\"og:image:type\" content=\"image\/jpeg\" \/>\n<meta name=\"twitter:card\" content=\"summary_large_image\" \/>\n<meta name=\"twitter:label1\" content=\"Dur\u00e9e de lecture estim\u00e9e\" \/>\n\t<meta name=\"twitter:data1\" content=\"3 minutes\" \/>\n<script type=\"application\/ld+json\" class=\"yoast-schema-graph\">{\"@context\":\"https:\/\/schema.org\",\"@graph\":[{\"@type\":\"WebPage\",\"@id\":\"https:\/\/observatoireduvaldesos.fr\/index.php\/actualites\/\",\"url\":\"https:\/\/observatoireduvaldesos.fr\/index.php\/actualites\/\",\"name\":\"Actualit\u00e9s - OAVS\",\"isPartOf\":{\"@id\":\"https:\/\/observatoireduvaldesos.fr\/#website\"},\"primaryImageOfPage\":{\"@id\":\"https:\/\/observatoireduvaldesos.fr\/index.php\/actualites\/#primaryimage\"},\"image\":{\"@id\":\"https:\/\/observatoireduvaldesos.fr\/index.php\/actualites\/#primaryimage\"},\"thumbnailUrl\":\"https:\/\/observatoireduvaldesos.fr\/wp-content\/uploads\/2026\/01\/480959243_1171567671423648_7923458836877809957_n-693x1024.jpg?v=1769795470\",\"datePublished\":\"2026-01-30T17:35:44+00:00\",\"dateModified\":\"2026-02-07T20:04:01+00:00\",\"description\":\"Observatoire Astronomique du val de sos\",\"breadcrumb\":{\"@id\":\"https:\/\/observatoireduvaldesos.fr\/index.php\/actualites\/#breadcrumb\"},\"inLanguage\":\"fr-FR\",\"potentialAction\":[{\"@type\":\"ReadAction\",\"target\":[\"https:\/\/observatoireduvaldesos.fr\/index.php\/actualites\/\"]}]},{\"@type\":\"ImageObject\",\"inLanguage\":\"fr-FR\",\"@id\":\"https:\/\/observatoireduvaldesos.fr\/index.php\/actualites\/#primaryimage\",\"url\":\"https:\/\/observatoireduvaldesos.fr\/wp-content\/uploads\/2026\/01\/480959243_1171567671423648_7923458836877809957_n.jpg?v=1769795470\",\"contentUrl\":\"https:\/\/observatoireduvaldesos.fr\/wp-content\/uploads\/2026\/01\/480959243_1171567671423648_7923458836877809957_n.jpg?v=1769795470\",\"width\":794,\"height\":1173},{\"@type\":\"BreadcrumbList\",\"@id\":\"https:\/\/observatoireduvaldesos.fr\/index.php\/actualites\/#breadcrumb\",\"itemListElement\":[{\"@type\":\"ListItem\",\"position\":1,\"name\":\"Accueil\",\"item\":\"https:\/\/observatoireduvaldesos.fr\/\"},{\"@type\":\"ListItem\",\"position\":2,\"name\":\"Actualit\u00e9s\"}]},{\"@type\":\"WebSite\",\"@id\":\"https:\/\/observatoireduvaldesos.fr\/#website\",\"url\":\"https:\/\/observatoireduvaldesos.fr\/\",\"name\":\"Observatoire Astronomique du Val-de-Sos\",\"description\":\"Observatoire Astronomique du Val-de-Sos\",\"publisher\":{\"@id\":\"https:\/\/observatoireduvaldesos.fr\/#\/schema\/person\/b31f59a9366e5780dd9f14282d8d240b\"},\"alternateName\":\"Oavs\",\"potentialAction\":[{\"@type\":\"SearchAction\",\"target\":{\"@type\":\"EntryPoint\",\"urlTemplate\":\"https:\/\/observatoireduvaldesos.fr\/?s={search_term_string}\"},\"query-input\":{\"@type\":\"PropertyValueSpecification\",\"valueRequired\":true,\"valueName\":\"search_term_string\"}}],\"inLanguage\":\"fr-FR\"},{\"@type\":[\"Person\",\"Organization\"],\"@id\":\"https:\/\/observatoireduvaldesos.fr\/#\/schema\/person\/b31f59a9366e5780dd9f14282d8d240b\",\"name\":\"admin8189\",\"image\":{\"@type\":\"ImageObject\",\"inLanguage\":\"fr-FR\",\"@id\":\"https:\/\/observatoireduvaldesos.fr\/#\/schema\/person\/image\/\",\"url\":\"https:\/\/observatoireduvaldesos.fr\/wp-content\/uploads\/2026\/01\/cropped-Nouveau-LOGO-scaled-1.jpg\",\"contentUrl\":\"https:\/\/observatoireduvaldesos.fr\/wp-content\/uploads\/2026\/01\/cropped-Nouveau-LOGO-scaled-1.jpg\",\"width\":512,\"height\":512,\"caption\":\"admin8189\"},\"logo\":{\"@id\":\"https:\/\/observatoireduvaldesos.fr\/#\/schema\/person\/image\/\"},\"sameAs\":[\"http:\/\/observatoireduvaldesos.fr\"]}]}<\/script>\n<!-- \/ Yoast SEO plugin. -->","yoast_head_json":{"title":"Actualit\u00e9s - OAVS","description":"Observatoire Astronomique du val de sos","robots":{"index":"index","follow":"follow","max-snippet":"max-snippet:-1","max-image-preview":"max-image-preview:large","max-video-preview":"max-video-preview:-1"},"canonical":"https:\/\/observatoireduvaldesos.fr\/index.php\/actualites\/","og_locale":"fr_FR","og_type":"article","og_title":"Actualit\u00e9s - OAVS","og_description":"Observatoire Astronomique du val de sos","og_url":"https:\/\/observatoireduvaldesos.fr\/index.php\/actualites\/","og_site_name":"OAVS","article_modified_time":"2026-02-07T20:04:01+00:00","og_image":[{"width":794,"height":1173,"url":"https:\/\/observatoireduvaldesos.fr\/wp-content\/uploads\/2026\/01\/480959243_1171567671423648_7923458836877809957_n.jpg?v=1769795470","type":"image\/jpeg"}],"twitter_card":"summary_large_image","twitter_misc":{"Dur\u00e9e de lecture estim\u00e9e":"3 minutes"},"schema":{"@context":"https:\/\/schema.org","@graph":[{"@type":"WebPage","@id":"https:\/\/observatoireduvaldesos.fr\/index.php\/actualites\/","url":"https:\/\/observatoireduvaldesos.fr\/index.php\/actualites\/","name":"Actualit\u00e9s - OAVS","isPartOf":{"@id":"https:\/\/observatoireduvaldesos.fr\/#website"},"primaryImageOfPage":{"@id":"https:\/\/observatoireduvaldesos.fr\/index.php\/actualites\/#primaryimage"},"image":{"@id":"https:\/\/observatoireduvaldesos.fr\/index.php\/actualites\/#primaryimage"},"thumbnailUrl":"https:\/\/observatoireduvaldesos.fr\/wp-content\/uploads\/2026\/01\/480959243_1171567671423648_7923458836877809957_n-693x1024.jpg?v=1769795470","datePublished":"2026-01-30T17:35:44+00:00","dateModified":"2026-02-07T20:04:01+00:00","description":"Observatoire Astronomique du val de sos","breadcrumb":{"@id":"https:\/\/observatoireduvaldesos.fr\/index.php\/actualites\/#breadcrumb"},"inLanguage":"fr-FR","potentialAction":[{"@type":"ReadAction","target":["https:\/\/observatoireduvaldesos.fr\/index.php\/actualites\/"]}]},{"@type":"ImageObject","inLanguage":"fr-FR","@id":"https:\/\/observatoireduvaldesos.fr\/index.php\/actualites\/#primaryimage","url":"https:\/\/observatoireduvaldesos.fr\/wp-content\/uploads\/2026\/01\/480959243_1171567671423648_7923458836877809957_n.jpg?v=1769795470","contentUrl":"https:\/\/observatoireduvaldesos.fr\/wp-content\/uploads\/2026\/01\/480959243_1171567671423648_7923458836877809957_n.jpg?v=1769795470","width":794,"height":1173},{"@type":"BreadcrumbList","@id":"https:\/\/observatoireduvaldesos.fr\/index.php\/actualites\/#breadcrumb","itemListElement":[{"@type":"ListItem","position":1,"name":"Accueil","item":"https:\/\/observatoireduvaldesos.fr\/"},{"@type":"ListItem","position":2,"name":"Actualit\u00e9s"}]},{"@type":"WebSite","@id":"https:\/\/observatoireduvaldesos.fr\/#website","url":"https:\/\/observatoireduvaldesos.fr\/","name":"Observatoire Astronomique du Val-de-Sos","description":"Observatoire Astronomique du Val-de-Sos","publisher":{"@id":"https:\/\/observatoireduvaldesos.fr\/#\/schema\/person\/b31f59a9366e5780dd9f14282d8d240b"},"alternateName":"Oavs","potentialAction":[{"@type":"SearchAction","target":{"@type":"EntryPoint","urlTemplate":"https:\/\/observatoireduvaldesos.fr\/?s={search_term_string}"},"query-input":{"@type":"PropertyValueSpecification","valueRequired":true,"valueName":"search_term_string"}}],"inLanguage":"fr-FR"},{"@type":["Person","Organization"],"@id":"https:\/\/observatoireduvaldesos.fr\/#\/schema\/person\/b31f59a9366e5780dd9f14282d8d240b","name":"admin8189","image":{"@type":"ImageObject","inLanguage":"fr-FR","@id":"https:\/\/observatoireduvaldesos.fr\/#\/schema\/person\/image\/","url":"https:\/\/observatoireduvaldesos.fr\/wp-content\/uploads\/2026\/01\/cropped-Nouveau-LOGO-scaled-1.jpg","contentUrl":"https:\/\/observatoireduvaldesos.fr\/wp-content\/uploads\/2026\/01\/cropped-Nouveau-LOGO-scaled-1.jpg","width":512,"height":512,"caption":"admin8189"},"logo":{"@id":"https:\/\/observatoireduvaldesos.fr\/#\/schema\/person\/image\/"},"sameAs":["http:\/\/observatoireduvaldesos.fr"]}]}},"_links":{"self":[{"href":"https:\/\/observatoireduvaldesos.fr\/index.php\/wp-json\/wp\/v2\/pages\/795","targetHints":{"allow":["GET"]}}],"collection":[{"href":"https:\/\/observatoireduvaldesos.fr\/index.php\/wp-json\/wp\/v2\/pages"}],"about":[{"href":"https:\/\/observatoireduvaldesos.fr\/index.php\/wp-json\/wp\/v2\/types\/page"}],"author":[{"embeddable":true,"href":"https:\/\/observatoireduvaldesos.fr\/index.php\/wp-json\/wp\/v2\/users\/1"}],"replies":[{"embeddable":true,"href":"https:\/\/observatoireduvaldesos.fr\/index.php\/wp-json\/wp\/v2\/comments?post=795"}],"version-history":[{"count":16,"href":"https:\/\/observatoireduvaldesos.fr\/index.php\/wp-json\/wp\/v2\/pages\/795\/revisions"}],"predecessor-version":[{"id":940,"href":"https:\/\/observatoireduvaldesos.fr\/index.php\/wp-json\/wp\/v2\/pages\/795\/revisions\/940"}],"wp:attachment":[{"href":"https:\/\/observatoireduvaldesos.fr\/index.php\/wp-json\/wp\/v2\/media?parent=795"}],"curies":[{"name":"wp","href":"https:\/\/api.w.org\/{rel}","templated":true}]}}